{"id":1427,"date":"2013-10-21T08:15:06","date_gmt":"2013-10-21T05:15:06","guid":{"rendered":"https:\/\/www.lemankultur.com.tr\/?page_id=1427"},"modified":"2021-08-06T15:58:47","modified_gmt":"2021-08-06T12:58:47","slug":"yatirimci","status":"publish","type":"page","link":"https:\/\/www.lemankultur.com.tr\/?page_id=1427","title":{"rendered":"Franchise"},"content":{"rendered":"\t\t<div data-elementor-type=\"wp-page\" data-elementor-id=\"1427\" class=\"elementor elementor-1427\">\n\t\t\t\t\t\t<section class=\"elementor-section elementor-top-section elementor-element elementor-element-7475b036 elementor-section-full_width elementor-section-height-default elementor-section-height-default\" data-id=\"7475b036\" data-element_type=\"section\" data-settings=\"{&quot;animation&quot;:&quot;none&quot;}\">\n\t\t\t\t\t\t<div class=\"elementor-container elementor-column-gap-default\">\n\t\t\t\t\t<div class=\"elementor-column elementor-col-100 elementor-top-column elementor-element elementor-element-12c9dbe1 elementor-invisible\" data-id=\"12c9dbe1\" data-element_type=\"column\" data-settings=\"{&quot;background_background&quot;:&quot;gradient&quot;,&quot;animation&quot;:&quot;fadeIn&quot;}\">\n\t\t\t<div class=\"elementor-widget-wrap elementor-element-populated\">\n\t\t\t\t\t\t<div class=\"elementor-element elementor-element-6d2c20e4 elementor-widget elementor-widget-text-editor\" data-id=\"6d2c20e4\" data-element_type=\"widget\" data-settings=\"{&quot;_animation&quot;:&quot;none&quot;}\" data-widget_type=\"text-editor.default\">\n\t\t\t\t<div class=\"elementor-widget-container\">\n\t\t\t\t\t\t\t\t\t<p><span style=\"font-family: 'book antiqua', palatino, serif;\"><\/span><\/p>\n<p class=\"wp-block-preformatted\" style=\"text-align: left;\"><span style=\"color: #333333; font-size: 12pt;\"><span style=\"font-family: tahoma, arial, helvetica, sans-serif;\">\u00a0Y\u00fczde y\u00fcz yerli bir fikir ve konsept olan Leman K\u00fclt\u00fcr markas\u0131n\u0131n bir restoran\u0131n\u0131 da siz a\u00e7mak ister misiniz? Bizler yurti\u00e7inde ve yurtd\u0131\u015f\u0131nda yayg\u0131nl\u0131\u011f\u0131m\u0131z\u0131 art\u0131r\u0131p, ailemizi b\u00fcy\u00fctmek konusunda \u00e7ok istekliyiz. Siz de kitlelerin ruhunu, y\u00fcz\u00fcn\u00fc, midesini ve b\u00fct\u00e7esini ayn\u0131 anda g\u00fcld\u00fcrecek bir restoran a\u00e7mak istiyorsan\u0131z, a\u015fa\u011f\u0131daki formu doldurup bize yollayabilirsiniz. Ekibimiz gerekli de\u011ferlendirmeleri yap\u0131p sizinle en k\u0131sa s\u00fcrede ileti\u015fime ge\u00e7ecektir.\u00a0<\/span><\/span><\/p>\n<p style=\"text-align: left;\"><span style=\"color: #333333; font-family: tahoma, arial, helvetica, sans-serif; font-size: 12pt;\">\n\n<!-- Fast Secure Contact Form plugin 4.0.52 - begin - FastSecureContactForm.com -->\r\n<div style=\"clear:both;\"><\/div>\n<p>L\u00fctfen Formu Eksiksiz Doldurunuz.<\/p>\r\n<div id=\"FSContact2\" style=\"width:99%; max-width:555px;\">\r\n<form enctype=\"multipart\/form-data\" action=\"https:\/\/www.lemankultur.com.tr\/index.php?rest_route=%2Fwp%2Fv2%2Fpages%2F1427#FSContact2\" id=\"fscf_form2\" method=\"post\">\r\n\n<div id=\"fscf_required2\">\n  <span style=\"text-align:left;\">*<\/span> <span style=\"text-align:left;\">zorunlu alan\u0131 g\u00f6sterir<\/span>\n<\/div>\n\n\n<div id=\"fscf_div_clear2_4\" style=\"clear:both;\">\n  <div id=\"fscf_div_field2_4\" style=\"clear:left; float:left; width:99%; max-width:550px; margin-right:10px;\">\n    <div  id=\"fscf_label2_4\" style=\"text-align:left; padding-top:5px;\">\r\n      <label style=\"text-align:left;\" for=\"fscf_field2_4\">\u0130lgilendi\u011finiz Markam\u0131z:<span style=\"text-align:left;\">*<\/span><\/label>\n    <\/div>\n    <div style=\"text-align:left;\">\n      <select style=\"text-align:left;\" id=\"fscf_field2_4\" name=\"Ilgilendiginiz-Markamiz[]\">\n        <option value=\"1\">Leman K\u00fclt\u00fcr<\/option>\n        <option value=\"2\">Leman Sahne<\/option>\n        <option value=\"3\">Leman Hotel<\/option>\n        <option value=\"4\">Leman Gayfe<\/option>\n        <option value=\"5\">Hayal Meyal<\/option>\n        <option value=\"6\">G\u0131rnata<\/option>\n      <\/select>\n    <\/div>\n  <\/div>\n<\/div>\n\n<div id=\"fscf_div_clear2_5\" style=\"clear:both;\">\n  <div id=\"fscf_div_field2_5\" style=\"clear:left; float:left; width:99%; max-width:250px; margin-right:10px;\">\n    <div  id=\"fscf_label2_5\" style=\"text-align:left; padding-top:5px;\">\r\n      <label style=\"text-align:left;\" for=\"fscf_field2_5\">Ad ve Soyad:<span style=\"text-align:left;\">*<\/span><\/label>\n    <\/div>\n    <div style=\"text-align:left;\">\n      <input style=\"text-align:left; margin:0; width:99%; max-width:250px;\" type=\"text\" id=\"fscf_field2_5\" name=\"Ad-ve-Soyad\" value=\"\"  \/>\n    <\/div>\n  <\/div>\n  <div id=\"fscf_div_follow2_6\" style=\"float:left; padding-left:10px; width:99%; max-width:250px;\">\n    <div  id=\"fscf_label2_6\" style=\"text-align:left; padding-top:5px;\">\r\n      <label style=\"text-align:left;\" for=\"fscf_field2_6\">Telefon numaran\u0131z:<\/label>\n    <\/div>\n    <div style=\"text-align:left;\">\n      <input style=\"text-align:left; margin:0; width:99%; max-width:250px;\" type=\"text\" id=\"fscf_field2_6\" name=\"Telefon-numaraniz\" value=\"\"  \/>\n    <\/div>\n  <\/div>\n<\/div>\n\n<div id=\"fscf_div_clear2_7\" style=\"clear:both;\">\n  <div id=\"fscf_div_field2_7\" style=\"clear:left; float:left; width:99%; max-width:250px; margin-right:10px;\">\n    <div  id=\"fscf_label2_7\" style=\"text-align:left; padding-top:5px;\">\r\n      <label style=\"text-align:left;\" for=\"fscf_field2_7\">E-Posta Adresiniz:<span style=\"text-align:left;\">*<\/span><\/label>\n    <\/div>\n    <div style=\"text-align:left;\">\n      <input style=\"text-align:left; margin:0; width:99%; max-width:250px;\" type=\"email\" id=\"fscf_field2_7\" name=\"E-Posta-Adresiniz\" value=\"\"  \/>\n    <\/div>\n  <\/div>\n  <div id=\"fscf_div_follow2_8\" style=\"float:left; padding-left:10px; width:99%; max-width:250px;\">\n    <div  id=\"fscf_label2_8\" style=\"text-align:left; padding-top:5px;\">\r\n      <label style=\"text-align:left;\" for=\"fscf_field2_8\">Yat\u0131r\u0131m miktar\u0131n\u0131z:<span style=\"text-align:left;\">*<\/span><\/label>\n    <\/div>\n    <div style=\"text-align:left;\">\n      <input style=\"text-align:left; margin:0; width:99%; max-width:250px;\" type=\"text\" id=\"fscf_field2_8\" name=\"Yatirim-miktariniz\" value=\"\"  \/>\n    <\/div>\n  <\/div>\n<\/div>\n\n<div id=\"fscf_div_clear2_9\" style=\"clear:both;\">\n  <div id=\"fscf_div_field2_9\" style=\"clear:left; float:left; width:99%; max-width:550px; margin-right:10px;\">\n    <div  id=\"fscf_label2_9\" style=\"text-align:left; padding-top:5px;\">\r\n      <label style=\"text-align:left;\" for=\"fscf_field2_9\">Ayl\u0131k Ciro Beklentiniz:<\/label>\n    <\/div>\n    <div style=\"text-align:left;\">\n      <input style=\"text-align:left; margin:0; width:99%; max-width:250px;\" type=\"text\" id=\"fscf_field2_9\" name=\"Aylik-Ciro-Beklentiniz\" value=\"\"  \/>\n    <\/div>\n  <\/div>\n<\/div>\n\n<div id=\"fscf_div_clear2_10\" style=\"clear:both;\">\n  <div id=\"fscf_div_field2_10\" style=\"clear:left; float:left; width:99%; max-width:250px; margin-right:10px;\">\n    <div  id=\"fscf_label2_10\" style=\"text-align:left; padding-top:5px;\">\r\n      <label style=\"text-align:left;\" for=\"fscf_field2_10\">ilgilendi\u011finiz \u015fehir:<span style=\"text-align:left;\">*<\/span><\/label>\n    <\/div>\n    <div style=\"text-align:left;\">\n      <select style=\"text-align:left;\" id=\"fscf_field2_10\" name=\"ilgilendiginiz-sehir[]\">\n        <option value=\"1\">Adana<\/option>\n        <option value=\"2\">Ad\u0131yaman<\/option>\n        <option value=\"3\">Afyonkarahisar<\/option>\n        <option value=\"4\">A\u011fr\u0131<\/option>\n        <option value=\"5\">Aksaray<\/option>\n        <option value=\"6\">Amasya<\/option>\n        <option value=\"7\">Ankara<\/option>\n        <option value=\"8\">Antalya<\/option>\n        <option value=\"9\">Ardahan<\/option>\n        <option value=\"10\">Artvin<\/option>\n        <option value=\"11\">Ayd\u0131n<\/option>\n        <option value=\"12\">Bal\u0131kesir<\/option>\n        <option value=\"13\">Bart\u0131n<\/option>\n        <option value=\"14\">Batman<\/option>\n        <option value=\"15\">Bayburt<\/option>\n        <option value=\"16\">Bilecik<\/option>\n        <option value=\"17\">Bing\u00f6l<\/option>\n        <option value=\"18\">Bitlis<\/option>\n        <option value=\"19\">Bolu<\/option>\n        <option value=\"20\">Burdur<\/option>\n        <option value=\"21\">Bursa<\/option>\n        <option value=\"22\">\u00c7anakkale<\/option>\n        <option value=\"23\">\u00c7ank\u0131r\u0131<\/option>\n        <option value=\"24\">\u00c7orum<\/option>\n        <option value=\"25\">Denizli<\/option>\n        <option value=\"26\">Diyarbak\u0131r<\/option>\n        <option value=\"27\">D\u00fczce<\/option>\n        <option value=\"28\">Edirne<\/option>\n        <option value=\"29\">Elaz\u0131\u011f<\/option>\n        <option value=\"30\">Erzincan<\/option>\n        <option value=\"31\">Erzurum<\/option>\n        <option value=\"32\">Eski\u015fehir<\/option>\n        <option value=\"33\">Gaziantep<\/option>\n        <option value=\"34\">Giresun<\/option>\n        <option value=\"35\">G\u00fcm\u00fc\u015fhane<\/option>\n        <option value=\"36\">Hakk\u00e2ri<\/option>\n        <option value=\"37\">Hatay<\/option>\n        <option value=\"38\">I\u011fd\u0131r<\/option>\n        <option value=\"39\">Isparta<\/option>\n        <option value=\"40\">\u0130stanbul<\/option>\n        <option value=\"41\">\u0130zmir<\/option>\n        <option value=\"42\">Kahramanmara\u015f<\/option>\n        <option value=\"43\">Karab\u00fck<\/option>\n        <option value=\"44\">Karaman<\/option>\n        <option value=\"45\">Kars<\/option>\n        <option value=\"46\">Kastamonu<\/option>\n        <option value=\"47\">Kayseri<\/option>\n        <option value=\"48\">Kilis<\/option>\n        <option value=\"49\">K\u0131r\u0131kkale<\/option>\n        <option value=\"50\">K\u0131rklareli<\/option>\n        <option value=\"51\">K\u0131r\u015fehir<\/option>\n        <option value=\"52\">Kocaeli<\/option>\n        <option value=\"53\">Konya<\/option>\n        <option value=\"54\">K\u00fctahya<\/option>\n        <option value=\"55\">Malatya<\/option>\n        <option value=\"56\">Manisa<\/option>\n        <option value=\"57\">Mardin<\/option>\n        <option value=\"58\">Mersin<\/option>\n        <option value=\"59\">Mu\u011fla<\/option>\n        <option value=\"60\">Mu\u015f<\/option>\n        <option value=\"61\">Nev\u015fehir<\/option>\n        <option value=\"62\">Ni\u011fde<\/option>\n        <option value=\"63\">Ordu<\/option>\n        <option value=\"64\">Osmaniye<\/option>\n        <option value=\"65\">Rize<\/option>\n        <option value=\"66\">Sakarya<\/option>\n        <option value=\"67\">Samsun<\/option>\n        <option value=\"68\">\u015eanl\u0131urfa<\/option>\n        <option value=\"69\">Siirt<\/option>\n        <option value=\"70\">Sinop<\/option>\n        <option value=\"71\">Sivas<\/option>\n        <option value=\"72\">\u015e\u0131rnak<\/option>\n        <option value=\"73\">Tekirda\u011f<\/option>\n        <option value=\"74\">Tokat<\/option>\n        <option value=\"75\">Trabzon<\/option>\n        <option value=\"76\">Tunceli<\/option>\n        <option value=\"77\">U\u015fak<\/option>\n        <option value=\"78\">Van<\/option>\n        <option value=\"79\">Yalova<\/option>\n        <option value=\"80\">Yozgat<\/option>\n        <option value=\"81\">Zonguldak<\/option>\n      <\/select>\n    <\/div>\n  <\/div>\n  <div id=\"fscf_div_follow2_11\" style=\"float:left; padding-left:10px; width:99%; max-width:250px;\">\n    <div  id=\"fscf_label2_11\" style=\"text-align:left; padding-top:5px;\">\r\n      <label style=\"text-align:left;\" for=\"fscf_field2_11\">Dosya Ekleyin:<\/label>\n    <\/div>\n    <div style=\"text-align:left;\">\n      <input style=\"text-align:left; margin:0; width:99%; max-width:250px;\" type=\"file\" id=\"fscf_field2_11\" name=\"Dosya-Ekleyin\"  size=\"20\" \/><br \/>\n      <span id=\"fscf_hint_file_types2_11\" style=\"font-size:x-small; font-weight:normal;\">Kabul edilebilir dosya t\u00fcrleri: doc,docx,pdf,txt,gif,jpg,jpeg,png.<br \/>En fazla dosya boyutu: 1mb.<\/span>\n    <\/div>\n  <\/div>\n<\/div>\n\n<div id=\"fscf_div_clear2_3\" style=\"clear:both;\">\n  <div id=\"fscf_div_field2_3\" style=\"clear:left; float:left; width:99%; max-width:550px; margin-right:10px;\">\n    <div style=\"text-align:left; padding-top:5px;\">\n      <label style=\"text-align:left;\" for=\"fscf_field2_3\">\u0130leti:<span style=\"text-align:left;\">*<\/span><\/label>\n    <\/div>\n    <div style=\"text-align:left;\">\n      <textarea style=\"text-align:left; margin:0; width:99%; max-width:250px; height:120px;\" id=\"fscf_field2_3\" name=\"message\" cols=\"30\" rows=\"10\" ><\/textarea>\n    <\/div>\n  <\/div>\n<\/div>\r\n<div style=\"clear:both;\"><\/div>\n\n<div style=\"text-align:left; padding-top:5px;\">\n<\/div>\n<div id=\"fscf_captcha_image_div2\" style=\"width:250px; height:65px; padding-top:2px;\">\n      <img decoding=\"async\" id=\"fscf_captcha_image2\" style=\"border-style:none; margin:0; padding:0px; padding-right:5px; float:left;\" src=\"https:\/\/www.lemankultur.com.tr\/wp-content\/plugins\/si-contact-form\/captcha\/securimage_show.php?prefix=Q5WgwvDhWXKfCRON\" width=\"175\" height=\"60\" alt=\"CAPTCHA\" title=\"CAPTCHA\" \/>\n      <input id=\"fscf_captcha_prefix2\" type=\"hidden\" name=\"fscf_captcha_prefix2\" value=\"Q5WgwvDhWXKfCRON\" \/>\n     <div id=\"fscf_captcha_refresh2\">\n        <a href=\"#\" rel=\"nofollow\" title=\"Refresh\" onclick=\"fscf_captcha_refresh('2','\/wp-content\/plugins\/si-contact-form\/captcha','https:\/\/www.lemankultur.com.tr\/wp-content\/plugins\/si-contact-form\/captcha\/securimage_show.php?prefix='); return false;\">\n        <img decoding=\"async\" src=\"https:\/\/www.lemankultur.com.tr\/wp-content\/plugins\/si-contact-form\/captcha\/images\/refresh.png\" width=\"22\" height=\"20\" alt=\"Refresh\" style=\"border-style:none; margin:0; padding:0px; vertical-align:bottom;\" onclick=\"this.blur();\" \/><\/a>\r\n     <\/div>\r\n<\/div>\r\n\r\n<div id=\"fscf_captcha_field2\" style=\"text-align:left; padding-top:5px;\">\r\n     <label style=\"text-align:left;\" for=\"fscf_captcha_code2\">CAPTCHA (\u015eah\u0131s Denetim Kodu):<span style=\"text-align:left;\">*<\/span><\/label>\r\n<\/div>\r\n<div style=\"text-align:left;\">\n     <input style=\"text-align:left; margin:0; width:50px;\" type=\"text\" value=\"\" autocomplete=\"off\" id=\"fscf_captcha_code2\" name=\"captcha_code\"  \/>\n<\/div>\n\n<div id=\"fscf_submit_div2\" style=\"text-align:left; clear:both; padding-top:15px;\">\r\n\t\t<input type=\"submit\" id=\"fscf_submit2\" style=\"cursor:pointer; margin:0;\" value=\"G\u00f6nder\"  onclick=\"this.disabled=true; this.value='G\u00f6nderiliyor...'; this.form.submit();\" \/> \n<\/div>\n\n<input type=\"hidden\" name=\"fscf_submitted\" value=\"0\" \/>\n<input type=\"hidden\" name=\"fs_postonce_2\" value=\"cb4afa569fc3e4c562126a5182f46e1a,1777987400\" \/>\n<input type=\"hidden\" name=\"si_contact_action\" value=\"send\" \/>\n<input type=\"hidden\" name=\"form_id\" value=\"2\" \/>\n<input type=\"hidden\" name=\"mailto_id\" value=\"1\" \/>\n\n<\/form>\n<\/div>\r\n<div style=\"clear:both;\"><\/div>\n\n<!-- Fast Secure Contact Form plugin 4.0.52 - end - FastSecureContactForm.com -->\n<\/span><\/p>\n<p><span style=\"font-family: 'book antiqua', palatino, serif; color: #000000;\"><\/span><\/p>\n<p><span style=\"font-family: 'book antiqua', palatino, serif;\"><\/span><\/p>\t\t\t\t\t\t\t\t<\/div>\n\t\t\t\t<\/div>\n\t\t\t\t\t<\/div>\n\t\t<\/div>\n\t\t\t\t\t<\/div>\n\t\t<\/section>\n\t\t\t\t<\/div>\n\t\t","protected":false},"excerpt":{"rendered":"<p>\u00a0Y\u00fczde y\u00fcz yerli bir fikir ve konsept olan Leman K\u00fclt\u00fcr markas\u0131n\u0131n bir restoran\u0131n\u0131 da siz a\u00e7mak ister misiniz? Bizler yurti\u00e7inde ve yurtd\u0131\u015f\u0131nda yayg\u0131nl\u0131\u011f\u0131m\u0131z\u0131 art\u0131r\u0131p, ailemizi b\u00fcy\u00fctmek konusunda \u00e7ok istekliyiz. Siz<\/p>\n<p class=\"more-link\"><a href=\"https:\/\/www.lemankultur.com.tr\/?page_id=1427\" class=\"readmore\">Continue reading&#8230;<span class=\"screen-reader-text\">Franchise<\/span><\/a><\/p>\n","protected":false},"author":1,"featured_media":0,"parent":0,"menu_order":0,"comment_status":"closed","ping_status":"closed","template":"","meta":{"footnotes":""},"class_list":["post-1427","page","type-page","status-publish","hentry"],"_links":{"self":[{"href":"https:\/\/www.lemankultur.com.tr\/index.php?rest_route=\/wp\/v2\/pages\/1427","targetHints":{"allow":["GET"]}}],"collection":[{"href":"https:\/\/www.lemankultur.com.tr\/index.php?rest_route=\/wp\/v2\/pages"}],"about":[{"href":"https:\/\/www.lemankultur.com.tr\/index.php?rest_route=\/wp\/v2\/types\/page"}],"author":[{"embeddable":true,"href":"https:\/\/www.lemankultur.com.tr\/index.php?rest_route=\/wp\/v2\/users\/1"}],"replies":[{"embeddable":true,"href":"https:\/\/www.lemankultur.com.tr\/index.php?rest_route=%2Fwp%2Fv2%2Fcomments&post=1427"}],"version-history":[{"count":93,"href":"https:\/\/www.lemankultur.com.tr\/index.php?rest_route=\/wp\/v2\/pages\/1427\/revisions"}],"predecessor-version":[{"id":4784,"href":"https:\/\/www.lemankultur.com.tr\/index.php?rest_route=\/wp\/v2\/pages\/1427\/revisions\/4784"}],"wp:attachment":[{"href":"https:\/\/www.lemankultur.com.tr\/index.php?rest_route=%2Fwp%2Fv2%2Fmedia&parent=1427"}],"curies":[{"name":"wp","href":"https:\/\/api.w.org\/{rel}","templated":true}]}}