{"id":362,"date":"2013-06-12T17:44:59","date_gmt":"2013-06-12T14:44:59","guid":{"rendered":"http:\/\/deneme.lmk.com.tr\/?page_id=362"},"modified":"2021-07-30T16:46:41","modified_gmt":"2021-07-30T13:46:41","slug":"beyoglu-2","status":"publish","type":"page","link":"https:\/\/www.lemankultur.com.tr\/?page_id=362","title":{"rendered":"Beyo\u011flu"},"content":{"rendered":"<p><!--:en--><\/p>\n<h3><span style=\"color: #c41314;\">Leman K\u00fclt\u00fcr Beyo\u011flu<\/span><\/h3>\n<h4><span style=\"color: #333333;\">\u0130stiklal Caddesi. \u0130mam Adnan Sokak. No: 14 Beyo\u011flu \/ \u0130STANBUL<\/span><\/h4>\n<h4><span style=\"color: #333333;\">0212 292 95 65<\/span><\/h4>\n<p><center><span style=\"color: #333333;\"><a style=\"color: #333333;\" href=\"http:\/\/panorama.lmk.com.tr\/istanbul\" target=\"_blank\" rel=\"noopener noreferrer\"><iframe style=\"border: 0;\" src=\"https:\/\/www.google.com\/maps\/embed?pb=!1m18!1m12!1m3!1d3009.517907261996!2d28.97904831573629!3d41.035802025678976!2m3!1f0!2f0!3f0!3m2!1i1024!2i768!4f13.1!3m3!1m2!1s0x14cab766b0203827%3A0x778cbf41f46940e9!2zTGVtYW4gS8O8bHTDvHIgQmV5b8SfbHU!5e0!3m2!1str!2str!4v1537535714246\" width=\"1024\" height=\"683\" frameborder=\"0\" allowfullscreen=\"allowfullscreen\"><\/iframe><\/a><\/span><center><\/p>\n<p><span style=\"color: #333333;\"><!--:--><\/span><\/p>\n<p><\/center><\/center><\/p>\n","protected":false},"excerpt":{"rendered":"<p>Leman K\u00fclt\u00fcr Beyo\u011flu \u0130stiklal Caddesi. \u0130mam Adnan Sokak. No: 14 Beyo\u011flu \/ \u0130STANBUL 0212 292 95 65<\/p>\n","protected":false},"author":1,"featured_media":0,"parent":0,"menu_order":0,"comment_status":"closed","ping_status":"closed","template":"","meta":{"footnotes":""},"class_list":["post-362","page","type-page","status-publish","hentry"],"_links":{"self":[{"href":"https:\/\/www.lemankultur.com.tr\/index.php?rest_route=\/wp\/v2\/pages\/362","targetHints":{"allow":["GET"]}}],"collection":[{"href":"https:\/\/www.lemankultur.com.tr\/index.php?rest_route=\/wp\/v2\/pages"}],"about":[{"href":"https:\/\/www.lemankultur.com.tr\/index.php?rest_route=\/wp\/v2\/types\/page"}],"author":[{"embeddable":true,"href":"https:\/\/www.lemankultur.com.tr\/index.php?rest_route=\/wp\/v2\/users\/1"}],"replies":[{"embeddable":true,"href":"https:\/\/www.lemankultur.com.tr\/index.php?rest_route=%2Fwp%2Fv2%2Fcomments&post=362"}],"version-history":[{"count":7,"href":"https:\/\/www.lemankultur.com.tr\/index.php?rest_route=\/wp\/v2\/pages\/362\/revisions"}],"predecessor-version":[{"id":4734,"href":"https:\/\/www.lemankultur.com.tr\/index.php?rest_route=\/wp\/v2\/pages\/362\/revisions\/4734"}],"wp:attachment":[{"href":"https:\/\/www.lemankultur.com.tr\/index.php?rest_route=%2Fwp%2Fv2%2Fmedia&parent=362"}],"curies":[{"name":"wp","href":"https:\/\/api.w.org\/{rel}","templated":true}]}}