{"id":66,"date":"2013-05-26T14:42:24","date_gmt":"2013-05-26T11:42:24","guid":{"rendered":"http:\/\/deneme.lmk.com.tr\/?page_id=66"},"modified":"2021-11-16T13:08:34","modified_gmt":"2021-11-16T10:08:34","slug":"iletisim","status":"publish","type":"page","link":"https:\/\/www.lemankultur.com.tr\/?page_id=66","title":{"rendered":"\u0130LET\u0130\u015e\u0130M"},"content":{"rendered":"<p><\/p>\n\n\n<\/p>\n<center style=\"padding-left: 120px;\"><br \/>\n<p style=\"text-align: left;\">Leman K\u00fclt\u00fcr&#8217;lerle ilgili her t\u00fcrl\u00fc g\u00f6r\u00fc\u015f, istek, \u00f6neri ve \u015fikayetlerinizi buradan bizimle payla\u015fabilirsiniz&#8230;<\/p>\n<h5 style=\"text-align: left;\">\n\n<!-- Fast Secure Contact Form plugin 4.0.52 - begin - FastSecureContactForm.com -->\r\n<div class=\"fscf-div-clear\"><\/div>\n\r\n<div id=\"FSContact1\" class=\"fscf-div-form\">\r\n<form enctype=\"multipart\/form-data\" action=\"https:\/\/www.lemankultur.com.tr\/index.php?rest_route=%2Fwp%2Fv2%2Fpages%2F66#FSContact1\" id=\"fscf_form1\" method=\"post\">\r\n\n<div id=\"fscf_div_clear1_0\" class=\"fscf-div-clear\">\n  <div id=\"fscf_div_field1_0\" class=\"fscf-div-field-left\">\r\n    <div class=\"fscf-div-label\">\n      <label class=\"fscf-label\" for=\"fscf_f_name1\">Ad\u0131n\u0131z:<span class=\"fscf-required-indicator\">*<\/span><\/label>\n    <\/div>\r\n    <div class=\"fscf-div-field\">\r\n\t  <input class=\"fscf-input-text\" type=\"text\" id=\"fscf_f_name1\" name=\"f_name\" value=\"\"  \/>\r\n    <\/div>\r\n    <div class=\"fscf-div-label\">\n      <label class=\"fscf-label\" for=\"fscf_l_name1\">Soyad\u0131n\u0131z:<span class=\"fscf-required-indicator\">*<\/span><\/label>\n    <\/div>\r\n    <div class=\"fscf-div-field\">\r\n\t  <input class=\"fscf-input-text\" type=\"text\" id=\"fscf_l_name1\" name=\"l_name\" value=\"\"  \/>\r\n    <\/div>\r\n  <\/div>\n<\/div>\n\n<div id=\"fscf_div_clear1_1\" class=\"fscf-div-clear\">\n  <div id=\"fscf_div_field1_1\" class=\"fscf-div-field-left\">\n    <div class=\"fscf-div-label\">\n      <label class=\"fscf-label\" for=\"fscf_email1\">Eposta:<span class=\"fscf-required-indicator\">*<\/span><\/label>\n    <\/div>\n    <div class=\"fscf-div-field\">\n      <input class=\"fscf-input-text\" type=\"text\" id=\"fscf_email1\" name=\"email\" value=\"\"  readonly=\"readonly\" \/>\n    <\/div>\n  <\/div>\n<\/div>\n\n<div id=\"fscf_div_clear1_5\" class=\"fscf-div-clear\">\n  <div id=\"fscf_div_field1_5\" class=\"fscf-div-field-left\">\n    <div  id=\"fscf_label1_5\" class=\"fscf-div-label\">\r\n      <label class=\"fscf-label\" for=\"fscf_field1_5\">Telefon:<span class=\"fscf-required-indicator\">*<\/span><\/label>\n    <\/div>\n    <div class=\"fscf-div-field\">\n      <input class=\"fscf-input-text\" type=\"text\" id=\"fscf_field1_5\" name=\"Telefon\" value=\"\"  \/>\n    <\/div>\n  <\/div>\n<\/div>\n\n<div id=\"fscf_div_clear1_4\" class=\"fscf-div-clear\">\n  <div id=\"fscf_div_field1_4\" class=\"fscf-div-field-left\">\n    <div  id=\"fscf_label1_4\" class=\"fscf-div-label\">\r\n      <label class=\"fscf-label\" for=\"fscf_field1_4\">\u015eehir:<span class=\"fscf-required-indicator\">*<\/span><\/label>\n    <\/div>\n    <div class=\"fscf-div-field\">\n      <input class=\"fscf-input-text\" type=\"text\" id=\"fscf_field1_4\" name=\"Sehir\" value=\"\"  \/>\n    <\/div>\n  <\/div>\n<\/div>\n\n<div id=\"fscf_div_clear1_3\" class=\"fscf-div-clear\">\n  <div id=\"fscf_div_field1_3\" class=\"fscf-div-field-left\">\n    <div class=\"fscf-div-label\">\n      <label class=\"fscf-label\" for=\"fscf_field1_3\">\u0130leti:<span class=\"fscf-required-indicator\">*<\/span><\/label>\n    <\/div>\n    <div class=\"fscf-div-field\">\n      <textarea class=\"fscf-input-textarea\" id=\"fscf_field1_3\" name=\"message\" cols=\"30\" rows=\"10\" ><\/textarea>\n    <\/div>\n  <\/div>\n<\/div>\n\n<div id=\"fscf_div_clear1_7\" class=\"fscf-div-clear\">\n  <div id=\"fscf_div_field1_7\" class=\"fscf-div-field-left\">\n    <div  id=\"fscf_label1_7\" class=\"fscf-div-label\">\r\n      <label class=\"fscf-label\" for=\"fscf_field1_7\">Dosya y\u00fckleyin:<\/label>\n    <\/div>\n    <div class=\"fscf-div-field\">\n      <input class=\"fscf-input-text\" type=\"file\" id=\"fscf_field1_7\" name=\"Cv-yukleyin\"  size=\"20\" \/><br \/>\n      <span id=\"fscf_hint_file_types1_7\" class=\"fscf-hint-text\">Kabul edilebilir dosya t\u00fcrleri: doc,docx,pdf,txt,gif,jpg,jpeg,png.<br \/>En fazla dosya boyutu: 1mb.<\/span>\n    <\/div>\n  <\/div>\n<\/div>\r\n<div class=\"fscf-div-clear\"><\/div>\n\n<div class=\"fscf-div-label\">\n<\/div>\n<div id=\"fscf_captcha_image_div1\" class=\"fscf-div-captcha-m\">\n      <img decoding=\"async\" id=\"fscf_captcha_image1\" class=\"fscf-image-captcha\" src=\"https:\/\/www.lemankultur.com.tr\/wp-content\/plugins\/si-contact-form\/captcha\/securimage_show.php?prefix=zkt4pJoHq4yAdczO\" width=\"175\" height=\"60\" alt=\"CAPTCHA\" title=\"CAPTCHA\" \/>\n      <input id=\"fscf_captcha_prefix1\" type=\"hidden\" name=\"fscf_captcha_prefix1\" value=\"zkt4pJoHq4yAdczO\" \/>\n     <div id=\"fscf_captcha_refresh1\">\n        <a href=\"#\" rel=\"nofollow\" title=\"Refresh\" onclick=\"fscf_captcha_refresh('1','\/wp-content\/plugins\/si-contact-form\/captcha','https:\/\/www.lemankultur.com.tr\/wp-content\/plugins\/si-contact-form\/captcha\/securimage_show.php?prefix='); return false;\">\n        <img decoding=\"async\" src=\"https:\/\/www.lemankultur.com.tr\/wp-content\/plugins\/si-contact-form\/captcha\/images\/refresh.png\" width=\"22\" height=\"20\" alt=\"Refresh\" class=\"fscf-image-captcha-refresh\" onclick=\"this.blur();\" \/><\/a>\r\n     <\/div>\r\n<\/div>\r\n\r\n<div id=\"fscf_captcha_field1\" class=\"fscf-div-label\">\r\n     <label class=\"fscf-label\" for=\"fscf_captcha_code1\">CAPTCHA (\u015eah\u0131s Denetim Kodu):<span class=\"fscf-required-indicator\">*<\/span><\/label>\r\n<\/div>\r\n<div class=\"fscf-div-field\">\n     <input class=\"fscf-input-captcha\" type=\"text\" value=\"\" autocomplete=\"off\" id=\"fscf_captcha_code1\" name=\"captcha_code\"  \/>\n<\/div>\n\n<div id=\"fscf_submit_div1\" class=\"fscf-div-submit\">\r\n\t\t<input type=\"submit\" id=\"fscf_submit1\" class=\"fscf-button-submit\" value=\"G\u00f6nder\"  onclick=\"this.disabled=true; this.value='G\u00f6nderiliyor...'; this.form.submit();\" \/> \n<\/div>\n\n<input type=\"hidden\" name=\"fscf_submitted\" value=\"0\" \/>\n<input type=\"hidden\" name=\"fs_postonce_1\" value=\"55cd2764185e5f1d5c46f7a03c541fd7,1777987402\" \/>\n<input type=\"hidden\" name=\"si_contact_action\" value=\"send\" \/>\n<input type=\"hidden\" name=\"form_id\" value=\"1\" \/>\n<input type=\"hidden\" name=\"mailto_id\" value=\"1\" \/>\n\n<\/form>\n<\/div>\r\n<div class=\"fscf-div-clear\"><\/div>\n\n<!-- Fast Secure Contact Form plugin 4.0.52 - end - FastSecureContactForm.com -->\n<\/h5>\n<!--:--><\/center>\n<p>\n\n\n<p><\/p>","protected":false},"excerpt":{"rendered":"<p>Leman K\u00fclt\u00fcr&#8217;lerle ilgili her t\u00fcrl\u00fc g\u00f6r\u00fc\u015f, istek, \u00f6neri ve \u015fikayetlerinizi buradan bizimle payla\u015fabilirsiniz&#8230;<\/p>\n","protected":false},"author":1,"featured_media":0,"parent":0,"menu_order":8,"comment_status":"closed","ping_status":"closed","template":"","meta":{"footnotes":""},"class_list":["post-66","page","type-page","status-publish","hentry"],"_links":{"self":[{"href":"https:\/\/www.lemankultur.com.tr\/index.php?rest_route=\/wp\/v2\/pages\/66","targetHints":{"allow":["GET"]}}],"collection":[{"href":"https:\/\/www.lemankultur.com.tr\/index.php?rest_route=\/wp\/v2\/pages"}],"about":[{"href":"https:\/\/www.lemankultur.com.tr\/index.php?rest_route=\/wp\/v2\/types\/page"}],"author":[{"embeddable":true,"href":"https:\/\/www.lemankultur.com.tr\/index.php?rest_route=\/wp\/v2\/users\/1"}],"replies":[{"embeddable":true,"href":"https:\/\/www.lemankultur.com.tr\/index.php?rest_route=%2Fwp%2Fv2%2Fcomments&post=66"}],"version-history":[{"count":30,"href":"https:\/\/www.lemankultur.com.tr\/index.php?rest_route=\/wp\/v2\/pages\/66\/revisions"}],"predecessor-version":[{"id":4794,"href":"https:\/\/www.lemankultur.com.tr\/index.php?rest_route=\/wp\/v2\/pages\/66\/revisions\/4794"}],"wp:attachment":[{"href":"https:\/\/www.lemankultur.com.tr\/index.php?rest_route=%2Fwp%2Fv2%2Fmedia&parent=66"}],"curies":[{"name":"wp","href":"https:\/\/api.w.org\/{rel}","templated":true}]}}